{"id":34,"date":"2019-08-02T14:08:13","date_gmt":"2019-08-02T12:08:13","guid":{"rendered":"http:\/\/schuetzengildelohhof.de\/?page_id=34"},"modified":"2023-10-06T19:56:27","modified_gmt":"2023-10-06T17:56:27","slug":"disziplinen","status":"publish","type":"page","link":"https:\/\/schuetzengildelohhof.de\/?page_id=34","title":{"rendered":"Disziplinen"},"content":{"rendered":"\n<h4 class=\"wp-block-heading\">Luftgewehr:<\/h4>\n\n\n\n<p>Hier versucht der Sch\u00fctze die in 10 Meter Entfernung  liegende Scheibe&nbsp;im Stehen zu treffen. Der Disziplinname kommt daher, weil hier mit einem Gewehr geschossen wird, das NICHT mit Schwarzpulver, Patronenkugeln und -h\u00fclsen geladen bzw. betrieben wird, sondern mit Luft. Durch einen Spannhebel wird Luft in das Gewehr angesaugt und in einer Luftkammer stark komprimiert gehalten. Wenn nun der Abzugshebel gedr\u00fcckt wird, wird diese Luft aus der Kammer durch den enormen \u00dcberdruck freigesetzt und die &#8222;Kugel&#8220;, ein sog. Diabolo, aus dem Lauf geschossen. Weitere Infos gibt es z.B. bei  Wikipedia: zur <a rel=\"noreferrer noopener\" href=\"https:\/\/de.wikipedia.org\/wiki\/Druckluftwaffe\" target=\"_blank\">Luftdruckwaffe<\/a>, zum <a rel=\"noreferrer noopener\" href=\"https:\/\/de.wikipedia.org\/wiki\/Luftgewehr\" target=\"_blank\">Luftgewehr<\/a> oder <a rel=\"noreferrer noopener\" href=\"https:\/\/de.wikipedia.org\/wiki\/Sportschie%C3%9Fen\" target=\"_blank\">Sportschie\u00dfen im Allgemeinen<\/a><\/p>\n\n\n\n<h4 class=\"wp-block-heading\">Wertung:<\/h4>\n\n\n\n<p>Mit jedem Schu\u00df kann man 0-10 Punkte (sog. &#8222;Ringe&#8220;)  erreichen. 10 Schu\u00df ergeben eine &#8222;Serie&#8220; und 4 Serien z\u00e4hlen f\u00fcr die Gesamtwertung (=Endresultat). Zwischen den jeweiligen Ringen auf der Scheibe sind die Zahlen 1-8 aufgetragen. Wenn der \u00e4u\u00dferste Ring durch den Schu\u00df verletzt wird, so bekommt der Sch\u00fctze f\u00fcr diesen Schu\u00df  (&#8222;Treffer&#8220;) einen &#8222;Ring&#8220;. Der kleinste Ring z\u00e4hlt neun und der Punkt in der Mitte z\u00e4hlt zehn Ringe (dieser Treffer). Um somit eine  Maximalpunktzahl von 400 Ringen (40 Schu\u00df * max. 10 Ringe) zu erreichen mu\u00df der Sch\u00fctze 40mal den Punkt treffen und diesen auf der Scheibe &#8222;verschwinden&#8220; lassen. (Bei den Olympischen Spielen, Welt- und Europameisterschaften wird ein anderer Schie\u00dfmodus geschossen. In einem sog. Vorkampf werden sechs Serien geschossen. Die besten acht Sch\u00fctzen  nach dem Vorampf kommen ins Finale. Hier werden zehn Schu\u00df geschossen. Um im Finale jedoch die besten Sch\u00fctzen noch unterscheiden zu k\u00f6nnen (in der Regel schie\u00dfen die Topleute in der Vorrunde um die 597 und mehr Ringe im Vorkampf!!!), wird nun in Zehntel-Ringen gewertet. Ein gerade noch angekratzter Mittel-Punkt w\u00e4re in dieser Z\u00e4hlweise eine 10,0. Ein  Schu\u00df genau in die Mitte ist die H\u00f6chstpunktzahl 10,9. So kann es auch  vorkommen das Sch\u00fctzen mit 70 Schu\u00df eine Ringzahl von \u00fcber 700 Ringen  erreichen k\u00f6nnen.)<\/p>\n\n\n\n<h4 class=\"wp-block-heading\">Luftpistole:<\/h4>\n\n\n\n<p>Die Luftpistole ist vom technischen Aufbau im Prinzip das gleiche wie das Luftgewehr. Der gro\u00dfe Unterschied in beiden  Disziplinen ist die Gr\u00f6\u00dfe der zu treffenden Scheiben. Da es schwieriger ist mit der Luftpistole zu zielen bzw. zu treffen als mit dem Luftgewehr, sind die Scheiben gr\u00f6\u00dfer. Die Z\u00e4hlweise ist jedoch wieder mit der des Luftgewehres identisch.<\/p>\n\n\n\n<p>Weitere Infos gibt es z.B. bei Wikipedia: zur <a href=\"https:\/\/de.wikipedia.org\/wiki\/Druckluftwaffe\" target=\"_blank\" rel=\"noreferrer noopener\">Luftdruckwaffe<\/a>, zur <a href=\"https:\/\/de.wikipedia.org\/wiki\/Luftpistole\" target=\"_blank\" rel=\"noreferrer noopener\">Luftpistole<\/a> oder zum<a href=\"https:\/\/de.wikipedia.org\/wiki\/Sportschie%C3%9Fen\" target=\"_blank\" rel=\"noreferrer noopener\"> Sportschie\u00dfen im Allgemeinen<\/a><\/p>\n\n\n\n<p>Weitere Infos gibt es z.B. bei Wikipedia: zum <a rel=\"noreferrer noopener\" href=\"https:\/\/de.wikipedia.org\/wiki\/Sportschie%C3%9Fen\" target=\"_blank\">Sportschie\u00dfen im Allgemeinen<\/a>, zum Thema <a rel=\"noreferrer noopener\" href=\"https:\/\/de.wikipedia.org\/wiki\/Kleinkaliber\" target=\"_blank\">Kleinkaliber<\/a>, zur <a rel=\"noreferrer noopener\" href=\"https:\/\/de.wikipedia.org\/wiki\/Sportpistole\" target=\"_blank\">Sportpistole<\/a> oder <a rel=\"noreferrer noopener\" href=\"https:\/\/de.wikipedia.org\/wiki\/Freie_Pistole\" target=\"_blank\">Freien Pistole<\/a><\/p>\n\n\n\n<p><a href=\"http:\/\/www.dsb.de\/schiesssport\/disziplinen\/\" target=\"_blank\" rel=\"noreferrer noopener\" aria-label=\" (\u00f6ffnet in neuem Tab)\">Hier<\/a> gelangt Ihr auf die Seite des Deutschen Sch\u00fctzen Bund e.V. und erhaltet Informationen rund ums Thema Disziplinen.<\/p>\n","protected":false},"excerpt":{"rendered":"<p>Luftgewehr: Hier versucht der Sch\u00fctze die in 10 Meter Entfernung liegende Scheibe&nbsp;im Stehen zu treffen. Der Disziplinname kommt daher, weil hier mit einem Gewehr geschossen wird, das NICHT mit Schwarzpulver, [&hellip;]<\/p>\n","protected":false},"author":1,"featured_media":0,"parent":0,"menu_order":0,"comment_status":"closed","ping_status":"closed","template":"","meta":{"footnotes":""},"class_list":["post-34","page","type-page","status-publish","hentry"],"_links":{"self":[{"href":"https:\/\/schuetzengildelohhof.de\/index.php?rest_route=\/wp\/v2\/pages\/34","targetHints":{"allow":["GET"]}}],"collection":[{"href":"https:\/\/schuetzengildelohhof.de\/index.php?rest_route=\/wp\/v2\/pages"}],"about":[{"href":"https:\/\/schuetzengildelohhof.de\/index.php?rest_route=\/wp\/v2\/types\/page"}],"author":[{"embeddable":true,"href":"https:\/\/schuetzengildelohhof.de\/index.php?rest_route=\/wp\/v2\/users\/1"}],"replies":[{"embeddable":true,"href":"https:\/\/schuetzengildelohhof.de\/index.php?rest_route=%2Fwp%2Fv2%2Fcomments&post=34"}],"version-history":[{"count":3,"href":"https:\/\/schuetzengildelohhof.de\/index.php?rest_route=\/wp\/v2\/pages\/34\/revisions"}],"predecessor-version":[{"id":858,"href":"https:\/\/schuetzengildelohhof.de\/index.php?rest_route=\/wp\/v2\/pages\/34\/revisions\/858"}],"wp:attachment":[{"href":"https:\/\/schuetzengildelohhof.de\/index.php?rest_route=%2Fwp%2Fv2%2Fmedia&parent=34"}],"curies":[{"name":"wp","href":"https:\/\/api.w.org\/{rel}","templated":true}]}}