{"id":228,"date":"2019-09-11T15:43:15","date_gmt":"2019-09-11T13:43:15","guid":{"rendered":"http:\/\/schuetzengildelohhof.de\/?page_id=228"},"modified":"2026-02-08T11:30:43","modified_gmt":"2026-02-08T10:30:43","slug":"impressum","status":"publish","type":"page","link":"https:\/\/schuetzengildelohhof.de\/?page_id=228","title":{"rendered":"Impressum"},"content":{"rendered":"\n<p><strong>Verantwortlicher<\/strong><br>( Eintragung gem. \u00a710 Abs. 1 bis 3 MDStV und \u00a76 TDG )<br><br>Sch\u00fctzengilde Lohhof e.V.<br>Birkenstr. 2<br>85716 Unterschlei\u00dfheim<br><br>E-Mail: <a href=\"mailto:webmaster@gilde-lohhof.de\">webmaster(at)gilde-lohhof.de<\/a><br>facebook: <a aria-label=\"gildelohhof (\u00f6ffnet in neuem Tab)\" href=\"https:\/\/www.facebook.com\/gildelohhof\" target=\"_blank\" rel=\"noreferrer noopener\">gildelohhof<\/a><br>Instagram: <a href=\"https:\/\/www.instagram.com\/sgi_lohhof_e.v\/\" target=\"_blank\" rel=\"noreferrer noopener\">sgi_lohhof_e.v<\/a><br><br>Registergericht: Amtsgericht M\u00fcnchen<br>Registernummer: 10597<br><br>Rechtliche Vertretung (1. Sch\u00fctzenmeister):<br>Stefan Hufer, Gertrud-Grunow-Str. 39, 80807 M\u00fcnchen<br>Tel.: 0179 \/ 536 33 33 (Mobilfunk)<\/p>\n\n\n\n<p><\/p>\n\n\n<p><strong>Hinweise an Spendende<\/strong><br \/><br \/>Spenden an gemeinn\u00fctzige Vereine bis 300 Euro pro Einzelzahlung k\u00f6nnen beim Finanzamt steuerlich ohne offizielle Spendenbescheinigung geltend gemacht werden (sog. Kleinbetragsregelung). Als Nachweis gen\u00fcgen der Kontoauszug, der \u00dcberweisungstr\u00e4ger oder ein Barzahlungsbeleg des Vereins in Kombination mit einem Beleg des Vereins (z.B. ein Aufdruck auf dem \u00dcberweisungstr\u00e4ger), aus dem der Verwendungszweck, die Gemeinn\u00fctzigkeit und die Art der Zahlung hervorgehen (nachstehende Ausf\u00fchrung auf gesondertem Blatt ausgedruckt gen\u00fcgt).<br \/><br \/>Wir sind wegen F\u00f6rderung sportlicher \u00dcbungen und Leistungen nach dem letzten uns zugegangenen Freistellungsbescheid bzw. nach der Anlage zum K\u00f6rperschaftsteuerbescheid des Finanzamtes M\u00fcnchen f\u00fcr K\u00f6rperschaften, StNr. 143\/221\/40046, vom 23. 09. 2024 f\u00fcr den letzten Veranlagungszeitraum 2021 bis 2023 nach \u00a7 5 Abs. 1 Nr. 9 des K\u00f6rperschaftsteuergesetzes von der K\u00f6rperschaftsteuer und nach \u00a7 3 Nr. 6 des Gewerbesteuergesetzes von der Gewerbesteuer befreit. Gespendete Mittel werden ausschlie\u00dflich und unmittelbar f\u00fcr die satzungsm\u00e4\u00dfigen Zwecke verwendet.<\/p>\n\n\n<p><strong>Wichtige Hinweise zu Emails<\/strong><br><br>Dieser Kommunikationsweg (Email) steht ausschlie\u00dflich f\u00fcr Verwaltungsangelegenheiten zur Verf\u00fcgung. Es wird darauf hingewiesen, dass mit diesem Kommunikationsmittel Verfahrensantr\u00e4ge oder  Schrifts\u00e4tze <strong>nicht rechtswirksam<\/strong> eingereicht werden k\u00f6nnen. Sollte Ihre Nachricht einen entsprechenden Schriftsatz beinhalten, ist eine Wiederholung der \u00dcbermittlung mittels Telefax oder auf dem Postwege unbedingt erforderlich.<br><br>Da es aus verwaltungsinternen Gr\u00fcnden derzeit nicht m\u00f6glich ist, alle Vorg\u00e4nge, die per Email eingehen, auch auf  elektronischem Wege zu beantworten, werden die Nutzer des Email-Zugangs gebeten, neben der Email-Adresse auch ihre Postanschrift anzugeben.<\/p>\n\n\n\n<p><strong>Urheberrecht<\/strong><br><br>Die Rechte am Inhalt dieses Internet-Auftritts liegen sowohl beim Herausgeber als auch beim Betreiber. Eine Nachnutzung in anderen elektronischen oder gedruckten Publikationen, gleich welcher Art und auch auszugsweise, bedarf der schriftlichen Genehmigung des Herausgebers.<br><br>Alle Rechte am Design und der Technologie dieses Internet-Auftritts liegen beim Betreiber. Eine Nachnutzung, gleich welcher Art und auch auszugsweise, ist ohne schriftliche Genehmigung des Betreibers untersagt. Zuwiderhandlungen werden zivil- und strafrechtlich verfolgt.<br><br>Der Herausgeber ist bestrebt, in allen Publikationen die Urheberrechte der verwendeten Grafiken, Sounds und Texte zu beachten, von ihm selbst erstellte Grafiken, Sounds und Texte zu nutzen oder auf lizenzfreie Grafiken, Sounds und Texte zur\u00fcckzugreifen. Sollte sich auf den jeweiligen Seiten dennoch eine ungekennzeichnete, aber durch fremdes Copyright gesch\u00fctzte Grafik, ein Sound oder Text befinden, so konnte das Urheberrecht vom Herausgeber nicht festgestellt werden. Im Falle einer solchen unbeabsichtigten Copyright-Verletzung wird der Herausgeber das entsprechende Objekt nach Benachrichtigung aus seiner Publikation entfernen bzw. mit dem entsprechenden Copyright kenntlich machen.<\/p>\n\n\n\n<p><strong>Haftungsausschluss<\/strong><br><br>Der Herausgeber dieser Homepage \u00fcbernimmt keinerlei Gew\u00e4hr f\u00fcr die Aktualit\u00e4t, Korrektheit, Vollst\u00e4ndigkeit oder Qualit\u00e4t der bereitgestellten Informationen. Der Herausgeber beh\u00e4lt es sich ausdr\u00fccklich vor, Teile der Seiten oder das gesamte Angebot ohne gesonderte Ank\u00fcndigung zu ver\u00e4ndern, zu erg\u00e4nzen, zu l\u00f6schen oder die  Ver\u00f6ffentlichung zeitweise oder endg\u00fcltig einzustellen. Haftungsanspr\u00fcche gegen den Inhaber, die sich auf Sch\u00e4den materieller oder ideeller Art beziehen, welche durch die Nutzung oder Nichtnutzung der dargebotenen Informationen bzw. durch die Nutzung fehlerhafter und unvollst\u00e4ndiger Informationen verursacht wurden sind ausgeschlossen.<br><br>Mit Urteil vom 12. Mai 1998 hat das Landgericht  Hamburg entschieden, dass man durch die Anbringung eines Links die Inhalte der gelinkten Seite ggf. mit zu verantworten hat. Dies kann, so das LG, nur dadurch verhindert werden, dass man sich ausdr\u00fccklich von diesen Inhalten distanziert. Wir m\u00f6chten ausdr\u00fccklich betonen, dass wir keinerlei Einfluss auf die Gestaltung und die Inhalte der gelinkten Seiten haben. Deshalb distanzieren wir uns hiermit ausdr\u00fccklich von allen Inhalten aller gelinkter Seiten und machen uns diese nicht zu Eigen. Diese Erkl\u00e4rung gilt f\u00fcr alle innerhalb unserer Seiten, ausgebrachte Links und f\u00fcr alle Inhalte der Seiten, zu denen diese Links f\u00fchren.<br><br>F\u00fcr Inhalte und Sch\u00e4den, die aus der Nutzung oder Nichtnutzung durch Links dargebotener Informationen entstehen, haften allein die Anbieter dieser Seiten, nicht derjenige, der \u00fcber Links auf die jeweilige Ver\u00f6ffentlichung lediglich verweist. Diese Einschr\u00e4nkung gilt gleicherma\u00dfen auch f\u00fcr Fremdeintr\u00e4ge in allen interaktiven Elementen dieses Internet-Auftritts. F\u00fcr den Inhalt fremder Seiten ist ausschlie\u00dflich der betreffende Autor selbst verantwortlich.<br><br>Die Links und Informationen dieser Homepage werden nur zum Informationsaustausch bereitgestellt und begr\u00fcnden keine gesch\u00e4ftlichen oder beruflichen Beziehungen irgendwelcher Art. Sie sind nicht als Rechts- oder Steuerberatungsleistungen zu verstehen, sondern dienen rein informativen Zwecken. Vor gesch\u00e4ftlichen Entscheidungen setzen Sie sich bitte mit ihrem Steuerberater oder Rechtsanwalt in  Verbindung.<\/p>\n","protected":false},"excerpt":{"rendered":"<p>Verantwortlicher( Eintragung gem. \u00a710 Abs. 1 bis 3 MDStV und \u00a76 TDG ) Sch\u00fctzengilde Lohhof e.V.Birkenstr. 285716 Unterschlei\u00dfheim E-Mail: webmaster(at)gilde-lohhof.defacebook: gildelohhofInstagram: sgi_lohhof_e.v Registergericht: Amtsgericht M\u00fcnchenRegisternummer: 10597 Rechtliche Vertretung (1. Sch\u00fctzenmeister):Stefan [&hellip;]<\/p>\n","protected":false},"author":1,"featured_media":0,"parent":0,"menu_order":0,"comment_status":"closed","ping_status":"closed","template":"","meta":{"footnotes":""},"class_list":["post-228","page","type-page","status-publish","hentry"],"_links":{"self":[{"href":"https:\/\/schuetzengildelohhof.de\/index.php?rest_route=\/wp\/v2\/pages\/228","targetHints":{"allow":["GET"]}}],"collection":[{"href":"https:\/\/schuetzengildelohhof.de\/index.php?rest_route=\/wp\/v2\/pages"}],"about":[{"href":"https:\/\/schuetzengildelohhof.de\/index.php?rest_route=\/wp\/v2\/types\/page"}],"author":[{"embeddable":true,"href":"https:\/\/schuetzengildelohhof.de\/index.php?rest_route=\/wp\/v2\/users\/1"}],"replies":[{"embeddable":true,"href":"https:\/\/schuetzengildelohhof.de\/index.php?rest_route=%2Fwp%2Fv2%2Fcomments&post=228"}],"version-history":[{"count":14,"href":"https:\/\/schuetzengildelohhof.de\/index.php?rest_route=\/wp\/v2\/pages\/228\/revisions"}],"predecessor-version":[{"id":1193,"href":"https:\/\/schuetzengildelohhof.de\/index.php?rest_route=\/wp\/v2\/pages\/228\/revisions\/1193"}],"wp:attachment":[{"href":"https:\/\/schuetzengildelohhof.de\/index.php?rest_route=%2Fwp%2Fv2%2Fmedia&parent=228"}],"curies":[{"name":"wp","href":"https:\/\/api.w.org\/{rel}","templated":true}]}}