{"id":18,"date":"2019-07-31T16:03:38","date_gmt":"2019-07-31T14:03:38","guid":{"rendered":"http:\/\/schuetzengildelohhof.de\/?page_id=18"},"modified":"2025-04-23T19:15:44","modified_gmt":"2025-04-23T17:15:44","slug":"vorstand","status":"publish","type":"page","link":"https:\/\/schuetzengildelohhof.de\/?page_id=18","title":{"rendered":"Vorstand"},"content":{"rendered":"\n<p>Hier die aktuelle \u00dcbersicht \u00fcber unseren Vorstand und Funktionstr\u00e4ger:<\/p>\n\n\n\n<figure class=\"wp-block-table\"><table><tbody><tr><td><img loading=\"lazy\" decoding=\"async\" width=\"150\" height=\"206\" class=\"wp-image-1061\" style=\"width: 150px;\" src=\"https:\/\/schuetzengildelohhof.de\/wp-content\/uploads\/2025\/04\/Stefan.jpg\" alt=\"\"><\/td><td><em>1. Sch\u00fctzenmeister<\/em><br><em>Pressewart \/ Homepage<\/em><br><em>Mitgliederverwaltung<\/em><br><em>Meyton-Softwareadministration<\/em><br><br><strong><strong>Stefan Hufer<\/strong><\/strong><\/td><\/tr><tr><td><img loading=\"lazy\" decoding=\"async\" width=\"150\" height=\"183\" class=\"wp-image-1060\" style=\"width: 150px;\" src=\"https:\/\/schuetzengildelohhof.de\/wp-content\/uploads\/2025\/04\/martin.jpg\" alt=\"\"><\/td><td><em>2. Sch\u00fctzenmeister<\/em><br><br><strong>Martin S\u00f6ldner<\/strong><\/td><\/tr><tr><td><img loading=\"lazy\" decoding=\"async\" width=\"150\" height=\"197\" class=\"wp-image-1058\" style=\"width: 150px;\" src=\"https:\/\/schuetzengildelohhof.de\/wp-content\/uploads\/2025\/04\/georg.jpg\" alt=\"\"><\/td><td><em>1. Sportleiter<\/em><br><em>1. Jugendleiter<\/em><br><em>Meyton-Schiessanlagenadministration<\/em><br><br><strong>Georg Forstner<\/strong><\/td><\/tr><tr><td><img loading=\"lazy\" decoding=\"async\" width=\"150\" height=\"212\" class=\"wp-image-1059\" style=\"width: 150px;\" src=\"https:\/\/schuetzengildelohhof.de\/wp-content\/uploads\/2025\/04\/ingolf.jpg\" alt=\"\"><\/td><td><em>1. Kassenwart<\/em><br><br><strong>Ingolf Stange<\/strong><\/td><\/tr><tr><td><img loading=\"lazy\" decoding=\"async\" width=\"150\" height=\"192\" class=\"wp-image-1062\" style=\"width: 150px;\" src=\"https:\/\/schuetzengildelohhof.de\/wp-content\/uploads\/2025\/04\/Walter.jpg\" alt=\"\"><\/td><td>1. Schriftf\u00fchrer<br><em>2. Kassenwart<\/em><br><br><strong><strong>Walter Ungnadner<\/strong><\/strong><\/td><\/tr><tr><td>&#8212; ohne Bild &#8212;<\/td><td><em>Sportsch\u00fctzenreferenten<\/em><br><br><strong>Olaf Heinze \/ Helmut Schafhauser<\/strong><\/td><\/tr><tr><td>&#8212; ohne Bild &#8212;<\/td><td><em>Waffenwart<\/em><br><br><strong>Klaus Holler \/ Rudolf Thalhauser<\/strong><\/td><\/tr><tr><td><\/td><td><\/td><\/tr><tr><td>&#8212; ohne Bild &#8212;<\/td><td><em>Ehrensch\u00fctzenmeister<\/em><br><br><strong>Richard Holzbauer<\/strong><\/td><\/tr><tr><td><img loading=\"lazy\" decoding=\"async\" width=\"150\" height=\"191\" class=\"wp-image-1057\" style=\"width: 150px;\" src=\"https:\/\/schuetzengildelohhof.de\/wp-content\/uploads\/2025\/04\/Bernhard.jpg\" alt=\"\"><\/td><td><em>Ehrensch\u00fctzenmeister<\/em><br><br><strong>Bernhard Gier<\/strong><\/td><\/tr><\/tbody><\/table><\/figure>\n","protected":false},"excerpt":{"rendered":"<p>Hier die aktuelle \u00dcbersicht \u00fcber unseren Vorstand und Funktionstr\u00e4ger: 1. Sch\u00fctzenmeisterPressewart \/ HomepageMitgliederverwaltungMeyton-Softwareadministration Stefan Hufer 2. Sch\u00fctzenmeister Martin S\u00f6ldner 1. Sportleiter1. JugendleiterMeyton-Schiessanlagenadministration Georg Forstner 1. Kassenwart Ingolf Stange 1. Schriftf\u00fchrer2. [&hellip;]<\/p>\n","protected":false},"author":1,"featured_media":0,"parent":0,"menu_order":0,"comment_status":"closed","ping_status":"closed","template":"","meta":{"footnotes":""},"class_list":["post-18","page","type-page","status-publish","hentry"],"_links":{"self":[{"href":"https:\/\/schuetzengildelohhof.de\/index.php?rest_route=\/wp\/v2\/pages\/18","targetHints":{"allow":["GET"]}}],"collection":[{"href":"https:\/\/schuetzengildelohhof.de\/index.php?rest_route=\/wp\/v2\/pages"}],"about":[{"href":"https:\/\/schuetzengildelohhof.de\/index.php?rest_route=\/wp\/v2\/types\/page"}],"author":[{"embeddable":true,"href":"https:\/\/schuetzengildelohhof.de\/index.php?rest_route=\/wp\/v2\/users\/1"}],"replies":[{"embeddable":true,"href":"https:\/\/schuetzengildelohhof.de\/index.php?rest_route=%2Fwp%2Fv2%2Fcomments&post=18"}],"version-history":[{"count":6,"href":"https:\/\/schuetzengildelohhof.de\/index.php?rest_route=\/wp\/v2\/pages\/18\/revisions"}],"predecessor-version":[{"id":1064,"href":"https:\/\/schuetzengildelohhof.de\/index.php?rest_route=\/wp\/v2\/pages\/18\/revisions\/1064"}],"wp:attachment":[{"href":"https:\/\/schuetzengildelohhof.de\/index.php?rest_route=%2Fwp%2Fv2%2Fmedia&parent=18"}],"curies":[{"name":"wp","href":"https:\/\/api.w.org\/{rel}","templated":true}]}}