{"id":16,"date":"2019-07-31T15:49:59","date_gmt":"2019-07-31T13:49:59","guid":{"rendered":"http:\/\/schuetzengildelohhof.de\/?page_id=16"},"modified":"2026-02-07T13:29:08","modified_gmt":"2026-02-07T12:29:08","slug":"wir-ueber-uns","status":"publish","type":"page","link":"https:\/\/schuetzengildelohhof.de\/?page_id=16","title":{"rendered":"Wir \u00fcber uns"},"content":{"rendered":"\n<p>Unser Verein bietet eine besondere, auch leistungsorientierte Umgebung, in der Jeder herzlich Willkommen ist. Wir haben mehrere ausgebildete wettkampferprobte Sch\u00fctz*innen, die beim Training zur Seite stehen und Jedem helfen seine F\u00e4higkeiten beim Schie\u00dfen zu verbessern.<\/p>\n\n\n\n<p>Daneben haben wir unter Anderem mit unserem Sport- und Jugendleiter (Georg Forstner) einen extra f\u00fcr die Betreuung von Sch\u00fcler*innen und Jugendlichen entsprechend mit der Vereins\u00fcbungsleiter-Lizenz ausgebildeten Trainer.<\/p>\n\n\n\n<p>Wir bieten diverse Disziplinen f\u00fcr jede Altersklasse an.<\/p>\n\n\n\n<p>F\u00fcr unter 10-j\u00e4hrige haben wir Lichtgewehr- und  Lichtpistolenschie\u00dfen, ab 12 Jahren Luftgewehr, Luftpistole und Armbrust (*) , ab 51 Jahren auch als &#8222;aufgelegte(s)&#8220; Luftgewehr und Luftpistole.<\/p>\n\n\n\n<p>Zus\u00e4tzlich verf\u00fcgen wir \u00fcber eine (im Moment ruhende) Scharfschie\u00dfabteilung.<\/p>\n\n\n\n<p><strong>Unsere Trainingszeiten sind (je nach R\u00fccksprache):<\/strong><\/p>\n\n\n\n<ul class=\"wp-block-list\">\n<li><strong>Montag 18.00 \u2013 20.00 Uhr<\/strong><\/li>\n\n\n\n<li><strong>Mittwoch 18.00 \u2013 20.00 Uhr<\/strong><\/li>\n\n\n\n<li><strong>Freitag 18.00 \u2013 22.00 Uhr<\/strong><\/li>\n<\/ul>\n\n\n\n<p>Neben unserem sportlichen Aspekt verf\u00fcgt unser Verein auch \u00fcber gesellschaftliche Aktivit\u00e4ten.<\/p>\n\n\n\n<p>Unser Vereinsabend findet jeden Freitag ab 19.00 Uhr, unser Damenabend einmal im Monat statt.<\/p>\n\n\n\n<p>Au\u00dferdem verbinden wir unseren Sport mit dem  gesellschaftlichen Aspekt durch besondere Schie\u00dfen wie Osterschie\u00dfen, Nikolausschie\u00dfen, Faschingsschie\u00dfen, Kirchweihschie\u00dfen und viele mehr.<\/p>\n\n\n\n<p>Wenn du durch unser Angebot neugierig geworden bist, dann kontaktiere uns!<\/p>\n\n\n\n<p>(*) Luftgewehr und Luftpistole zwischen 10 und 12 Jahren mit Sondergenehmiung der Eltern<\/p>\n","protected":false},"excerpt":{"rendered":"<p>Unser Verein bietet eine besondere, auch leistungsorientierte Umgebung, in der Jeder herzlich Willkommen ist. Wir haben mehrere ausgebildete wettkampferprobte Sch\u00fctz*innen, die beim Training zur Seite stehen und Jedem helfen seine [&hellip;]<\/p>\n","protected":false},"author":1,"featured_media":0,"parent":0,"menu_order":0,"comment_status":"closed","ping_status":"closed","template":"","meta":{"footnotes":""},"class_list":["post-16","page","type-page","status-publish","hentry"],"_links":{"self":[{"href":"https:\/\/schuetzengildelohhof.de\/index.php?rest_route=\/wp\/v2\/pages\/16","targetHints":{"allow":["GET"]}}],"collection":[{"href":"https:\/\/schuetzengildelohhof.de\/index.php?rest_route=\/wp\/v2\/pages"}],"about":[{"href":"https:\/\/schuetzengildelohhof.de\/index.php?rest_route=\/wp\/v2\/types\/page"}],"author":[{"embeddable":true,"href":"https:\/\/schuetzengildelohhof.de\/index.php?rest_route=\/wp\/v2\/users\/1"}],"replies":[{"embeddable":true,"href":"https:\/\/schuetzengildelohhof.de\/index.php?rest_route=%2Fwp%2Fv2%2Fcomments&post=16"}],"version-history":[{"count":8,"href":"https:\/\/schuetzengildelohhof.de\/index.php?rest_route=\/wp\/v2\/pages\/16\/revisions"}],"predecessor-version":[{"id":1187,"href":"https:\/\/schuetzengildelohhof.de\/index.php?rest_route=\/wp\/v2\/pages\/16\/revisions\/1187"}],"wp:attachment":[{"href":"https:\/\/schuetzengildelohhof.de\/index.php?rest_route=%2Fwp%2Fv2%2Fmedia&parent=16"}],"curies":[{"name":"wp","href":"https:\/\/api.w.org\/{rel}","templated":true}]}}